{"id":423,"date":"2024-09-14T19:08:39","date_gmt":"2024-09-14T16:08:39","guid":{"rendered":"https:\/\/hallenberg.fi\/engineering\/?page_id=423"},"modified":"2024-09-14T19:08:39","modified_gmt":"2024-09-14T16:08:39","slug":"ohjausjarjestelmat-2","status":"publish","type":"page","link":"https:\/\/hallenberg.fi\/engineering\/ohjausjarjestelmat-2\/","title":{"rendered":"Ohjausj\u00e4rjestelm\u00e4t"},"content":{"rendered":"\n<p>P\u00e4\u00e4s\u00e4\u00e4nt\u00f6isesti toteutamme erilaiset ohjausj\u00e4rjestelm\u00e4t yhteisty\u00f6ss\u00e4 alihankkijoidemme kanssa. Meill\u00e4 on kokemusta erilaisten j\u00e4rjestelmien suunnittelusta ja ohjelmoinnista, mik\u00e4 helpottaa j\u00e4rjestelmien m\u00e4\u00e4rittely\u00e4 ja suunnittelua.<\/p>\n\n\n\n<p><a href=\"https:\/\/hallenberg.fi\/engineering\/palvelut\/\">&lt;- Takaisin<\/a><\/p>\n","protected":false},"excerpt":{"rendered":"<p>P\u00e4\u00e4s\u00e4\u00e4nt\u00f6isesti toteutamme erilaiset ohjausj\u00e4rjestelm\u00e4t yhteisty\u00f6ss\u00e4 alihankkijoidemme kanssa. Meill\u00e4 on kokemusta erilaisten j\u00e4rjestelmien suunnittelusta ja ohjelmoinnista, mik\u00e4 helpottaa j\u00e4rjestelmien m\u00e4\u00e4rittely\u00e4 ja suunnittelua. &lt;- Takaisin<\/p>\n","protected":false},"author":1,"featured_media":0,"parent":0,"menu_order":0,"comment_status":"closed","ping_status":"closed","template":"","meta":{"neve_meta_sidebar":"full-width","neve_meta_container":"","neve_meta_enable_content_width":"on","neve_meta_content_width":100,"neve_meta_title_alignment":"","neve_meta_author_avatar":"","neve_post_elements_order":"","neve_meta_disable_header":"","neve_meta_disable_footer":"","neve_meta_disable_title":""},"_links":{"self":[{"href":"https:\/\/hallenberg.fi\/engineering\/wp-json\/wp\/v2\/pages\/423"}],"collection":[{"href":"https:\/\/hallenberg.fi\/engineering\/wp-json\/wp\/v2\/pages"}],"about":[{"href":"https:\/\/hallenberg.fi\/engineering\/wp-json\/wp\/v2\/types\/page"}],"author":[{"embeddable":true,"href":"https:\/\/hallenberg.fi\/engineering\/wp-json\/wp\/v2\/users\/1"}],"replies":[{"embeddable":true,"href":"https:\/\/hallenberg.fi\/engineering\/wp-json\/wp\/v2\/comments?post=423"}],"version-history":[{"count":1,"href":"https:\/\/hallenberg.fi\/engineering\/wp-json\/wp\/v2\/pages\/423\/revisions"}],"predecessor-version":[{"id":424,"href":"https:\/\/hallenberg.fi\/engineering\/wp-json\/wp\/v2\/pages\/423\/revisions\/424"}],"wp:attachment":[{"href":"https:\/\/hallenberg.fi\/engineering\/wp-json\/wp\/v2\/media?parent=423"}],"curies":[{"name":"wp","href":"https:\/\/api.w.org\/{rel}","templated":true}]}}