{"id":412,"date":"2024-09-14T18:48:38","date_gmt":"2024-09-14T15:48:38","guid":{"rendered":"https:\/\/hallenberg.fi\/engineering\/?page_id=412"},"modified":"2024-09-14T19:14:03","modified_gmt":"2024-09-14T16:14:03","slug":"3d-mallinnus","status":"publish","type":"page","link":"https:\/\/hallenberg.fi\/engineering\/3d-mallinnus\/","title":{"rendered":"3D-mallinnus"},"content":{"rendered":"\n<p>3D-mallinnus on jokap\u00e4iv\u00e4inen ty\u00f6kalumme, jonka kautta kaikki suunnittelu etenee. Komponenttien ja kokoonpanojen mallinnus, liikeratojen simulointi ja tarkastelu, r\u00e4j\u00e4ytyskuvat ja animointi ovat meille arkip\u00e4iv\u00e4\u00e4. My\u00f6s 2D-ymp\u00e4rist\u00f6 on meille tuttu ja kaikesta saadaan lopulta my\u00f6s 2D-piirustukset tarvittaessa digitaalisessa muodossa vaikka 2D-maailmassa tapahtuvaa tehtaan layout-suunnittelua varten.<\/p>\n\n\n\n<p><a href=\"https:\/\/hallenberg.fi\/engineering\/palvelut\/\" data-type=\"page\" data-id=\"41\">&lt;- Takaisin<\/a><\/p>\n","protected":false},"excerpt":{"rendered":"<p>3D-mallinnus on jokap\u00e4iv\u00e4inen ty\u00f6kalumme, jonka kautta kaikki suunnittelu etenee. Komponenttien ja kokoonpanojen mallinnus, liikeratojen simulointi ja tarkastelu, r\u00e4j\u00e4ytyskuvat ja animointi ovat meille arkip\u00e4iv\u00e4\u00e4. My\u00f6s 2D-ymp\u00e4rist\u00f6 on meille tuttu ja kaikesta saadaan lopulta my\u00f6s 2D-piirustukset tarvittaessa digitaalisessa muodossa vaikka 2D-maailmassa tapahtuvaa tehtaan layout-suunnittelua varten. &lt;- Takaisin<\/p>\n","protected":false},"author":1,"featured_media":0,"parent":0,"menu_order":0,"comment_status":"closed","ping_status":"closed","template":"","meta":{"neve_meta_sidebar":"full-width","neve_meta_container":"","neve_meta_enable_content_width":"on","neve_meta_content_width":80,"neve_meta_title_alignment":"","neve_meta_author_avatar":"","neve_post_elements_order":"","neve_meta_disable_header":"","neve_meta_disable_footer":"","neve_meta_disable_title":""},"_links":{"self":[{"href":"https:\/\/hallenberg.fi\/engineering\/wp-json\/wp\/v2\/pages\/412"}],"collection":[{"href":"https:\/\/hallenberg.fi\/engineering\/wp-json\/wp\/v2\/pages"}],"about":[{"href":"https:\/\/hallenberg.fi\/engineering\/wp-json\/wp\/v2\/types\/page"}],"author":[{"embeddable":true,"href":"https:\/\/hallenberg.fi\/engineering\/wp-json\/wp\/v2\/users\/1"}],"replies":[{"embeddable":true,"href":"https:\/\/hallenberg.fi\/engineering\/wp-json\/wp\/v2\/comments?post=412"}],"version-history":[{"count":2,"href":"https:\/\/hallenberg.fi\/engineering\/wp-json\/wp\/v2\/pages\/412\/revisions"}],"predecessor-version":[{"id":415,"href":"https:\/\/hallenberg.fi\/engineering\/wp-json\/wp\/v2\/pages\/412\/revisions\/415"}],"wp:attachment":[{"href":"https:\/\/hallenberg.fi\/engineering\/wp-json\/wp\/v2\/media?parent=412"}],"curies":[{"name":"wp","href":"https:\/\/api.w.org\/{rel}","templated":true}]}}