{"id":409,"date":"2024-09-14T18:45:09","date_gmt":"2024-09-14T15:45:09","guid":{"rendered":"https:\/\/hallenberg.fi\/engineering\/?page_id=409"},"modified":"2024-09-14T19:02:30","modified_gmt":"2024-09-14T16:02:30","slug":"projektinhallinta","status":"publish","type":"page","link":"https:\/\/hallenberg.fi\/engineering\/projektinhallinta\/","title":{"rendered":"Projektinhallinta"},"content":{"rendered":"\n<p>Hoidamme projektiemme hallinnan ja aikataulutuksen aina omalta osaltamme ja tarvittaessa my\u00f6s koko projektin osalta. J\u00e4rjest\u00e4mme dokumentoinnin, seurannan ja raportoinnin aina valmistusvaiheen kilpailutusta ja osahankintaa my\u00f6ten. My\u00f6s laitekokonaisuuksien tai osien valmistus onnistuu tarvittaessa laajan yhteisty\u00f6verkostomme avulla tehokkaasti ja joustavasti.<\/p>\n\n\n\n<p><a href=\"https:\/\/hallenberg.fi\/engineering\/palvelut\/\" data-type=\"page\" data-id=\"41\">&lt;- Takaisin<\/a><\/p>\n","protected":false},"excerpt":{"rendered":"<p>Hoidamme projektiemme hallinnan ja aikataulutuksen aina omalta osaltamme ja tarvittaessa my\u00f6s koko projektin osalta. J\u00e4rjest\u00e4mme dokumentoinnin, seurannan ja raportoinnin aina valmistusvaiheen kilpailutusta ja osahankintaa my\u00f6ten. My\u00f6s laitekokonaisuuksien tai osien valmistus onnistuu tarvittaessa laajan yhteisty\u00f6verkostomme avulla tehokkaasti ja joustavasti. &lt;- Takaisin<\/p>\n","protected":false},"author":1,"featured_media":0,"parent":0,"menu_order":0,"comment_status":"closed","ping_status":"closed","template":"","meta":{"neve_meta_sidebar":"full-width","neve_meta_container":"","neve_meta_enable_content_width":"on","neve_meta_content_width":80,"neve_meta_title_alignment":"","neve_meta_author_avatar":"","neve_post_elements_order":"","neve_meta_disable_header":"","neve_meta_disable_footer":"","neve_meta_disable_title":""},"_links":{"self":[{"href":"https:\/\/hallenberg.fi\/engineering\/wp-json\/wp\/v2\/pages\/409"}],"collection":[{"href":"https:\/\/hallenberg.fi\/engineering\/wp-json\/wp\/v2\/pages"}],"about":[{"href":"https:\/\/hallenberg.fi\/engineering\/wp-json\/wp\/v2\/types\/page"}],"author":[{"embeddable":true,"href":"https:\/\/hallenberg.fi\/engineering\/wp-json\/wp\/v2\/users\/1"}],"replies":[{"embeddable":true,"href":"https:\/\/hallenberg.fi\/engineering\/wp-json\/wp\/v2\/comments?post=409"}],"version-history":[{"count":2,"href":"https:\/\/hallenberg.fi\/engineering\/wp-json\/wp\/v2\/pages\/409\/revisions"}],"predecessor-version":[{"id":418,"href":"https:\/\/hallenberg.fi\/engineering\/wp-json\/wp\/v2\/pages\/409\/revisions\/418"}],"wp:attachment":[{"href":"https:\/\/hallenberg.fi\/engineering\/wp-json\/wp\/v2\/media?parent=409"}],"curies":[{"name":"wp","href":"https:\/\/api.w.org\/{rel}","templated":true}]}}