{"id":390,"date":"2024-09-14T18:10:50","date_gmt":"2024-09-14T15:10:50","guid":{"rendered":"https:\/\/hallenberg.fi\/engineering\/?page_id=390"},"modified":"2024-09-14T19:01:42","modified_gmt":"2024-09-14T16:01:42","slug":"hydrauliikkasuunnittelu","status":"publish","type":"page","link":"https:\/\/hallenberg.fi\/engineering\/hydrauliikkasuunnittelu\/","title":{"rendered":"Hydrauliikkasuunnittelu"},"content":{"rendered":"\n<p>Toteutamme isojen ja pienien j\u00e4rjestelmien suunnittelut yli vuosikymmenen kokemuksella ja laajalla osaamisella sek\u00e4 komponenttituntemuksella. Lohkosuunnittelusta meill\u00e4 on vuosien ja kymmenien lohkojen kokemus, joissa p\u00e4\u00e4s\u00e4\u00e4nt\u00f6isesti hy\u00f6dynnet\u00e4\u00e4n tarpeen mukaisia patruunaventtiiliratkaisuita eri valmistajilta. Hydraulikoneikkojen suunnittelu pienist\u00e4 muutaman litran koneikoista aina 10m\u00b3 suuriin koneikoihin on tuttua ty\u00f6t\u00e4.<\/p>\n\n\n\n<p><a href=\"https:\/\/hallenberg.fi\/engineering\/palvelut\/\" data-type=\"page\" data-id=\"41\">&lt;- Takaisin<\/a><\/p>\n","protected":false},"excerpt":{"rendered":"<p>Toteutamme isojen ja pienien j\u00e4rjestelmien suunnittelut yli vuosikymmenen kokemuksella ja laajalla osaamisella sek\u00e4 komponenttituntemuksella. Lohkosuunnittelusta meill\u00e4 on vuosien ja kymmenien lohkojen kokemus, joissa p\u00e4\u00e4s\u00e4\u00e4nt\u00f6isesti hy\u00f6dynnet\u00e4\u00e4n tarpeen mukaisia patruunaventtiiliratkaisuita eri valmistajilta. Hydraulikoneikkojen suunnittelu pienist\u00e4 muutaman litran koneikoista aina 10m\u00b3 suuriin koneikoihin on tuttua ty\u00f6t\u00e4. &lt;- Takaisin<\/p>\n","protected":false},"author":1,"featured_media":0,"parent":0,"menu_order":0,"comment_status":"closed","ping_status":"closed","template":"","meta":{"neve_meta_sidebar":"full-width","neve_meta_container":"","neve_meta_enable_content_width":"on","neve_meta_content_width":80,"neve_meta_title_alignment":"","neve_meta_author_avatar":"","neve_post_elements_order":"","neve_meta_disable_header":"","neve_meta_disable_footer":"","neve_meta_disable_title":""},"_links":{"self":[{"href":"https:\/\/hallenberg.fi\/engineering\/wp-json\/wp\/v2\/pages\/390"}],"collection":[{"href":"https:\/\/hallenberg.fi\/engineering\/wp-json\/wp\/v2\/pages"}],"about":[{"href":"https:\/\/hallenberg.fi\/engineering\/wp-json\/wp\/v2\/types\/page"}],"author":[{"embeddable":true,"href":"https:\/\/hallenberg.fi\/engineering\/wp-json\/wp\/v2\/users\/1"}],"replies":[{"embeddable":true,"href":"https:\/\/hallenberg.fi\/engineering\/wp-json\/wp\/v2\/comments?post=390"}],"version-history":[{"count":2,"href":"https:\/\/hallenberg.fi\/engineering\/wp-json\/wp\/v2\/pages\/390\/revisions"}],"predecessor-version":[{"id":416,"href":"https:\/\/hallenberg.fi\/engineering\/wp-json\/wp\/v2\/pages\/390\/revisions\/416"}],"wp:attachment":[{"href":"https:\/\/hallenberg.fi\/engineering\/wp-json\/wp\/v2\/media?parent=390"}],"curies":[{"name":"wp","href":"https:\/\/api.w.org\/{rel}","templated":true}]}}