{"id":39,"date":"2019-05-16T20:54:28","date_gmt":"2019-05-16T17:54:28","guid":{"rendered":"http:\/\/hallenberg.fi\/engineering\/?page_id=39"},"modified":"2025-08-24T22:51:03","modified_gmt":"2025-08-24T19:51:03","slug":"tuotteet","status":"publish","type":"page","link":"https:\/\/hallenberg.fi\/engineering\/tuotteet\/","title":{"rendered":"Tuotteet"},"content":{"rendered":"\n<div class=\"wp-block-columns\">\n<div class=\"wp-block-column\">\n<div class=\"wp-block-image is-style-default\"><figure class=\"aligncenter size-large is-resized\"><a href=\"https:\/\/hallenberg.fi\/engineering\/pikakiinnikelohko\/\"><img loading=\"lazy\" src=\"https:\/\/hallenberg.fi\/engineering\/wp-content\/uploads\/2020\/12\/WhatsApp-Image-2020-09-16-at-08.55.21-3-edit2-709x1024.jpeg\" alt=\"\" class=\"wp-image-180\" width=\"177\" height=\"256\" srcset=\"https:\/\/hallenberg.fi\/engineering\/wp-content\/uploads\/2020\/12\/WhatsApp-Image-2020-09-16-at-08.55.21-3-edit2-709x1024.jpeg 709w, https:\/\/hallenberg.fi\/engineering\/wp-content\/uploads\/2020\/12\/WhatsApp-Image-2020-09-16-at-08.55.21-3-edit2-208x300.jpeg 208w, https:\/\/hallenberg.fi\/engineering\/wp-content\/uploads\/2020\/12\/WhatsApp-Image-2020-09-16-at-08.55.21-3-edit2-768x1110.jpeg 768w, https:\/\/hallenberg.fi\/engineering\/wp-content\/uploads\/2020\/12\/WhatsApp-Image-2020-09-16-at-08.55.21-3-edit2.jpeg 843w\" sizes=\"(max-width: 177px) 100vw, 177px\" \/><\/a><\/figure><\/div>\n\n\n\n<p class=\"has-text-align-center has-nv-dark-bg-color has-text-color\"><strong><a href=\"https:\/\/hallenberg.fi\/engineering\/pikakiinnikelohko\/\" data-type=\"page\" data-id=\"182\">Pikakiinnikelohko <\/a><\/strong><br><strong><a href=\"https:\/\/hallenberg.fi\/engineering\/quick-coupler-valve-18001a\/\" data-type=\"URL\">Quick coupler valve<\/a><\/strong><\/p>\n<\/div>\n\n\n\n<div class=\"wp-block-column\">\n<div class=\"wp-block-image\"><figure class=\"aligncenter size-large is-resized\"><a href=\"https:\/\/hallenberg.fi\/engineering\/paineenalennuspropolohko-180003\/\"><img loading=\"lazy\" src=\"https:\/\/hallenberg.fi\/engineering\/wp-content\/uploads\/2020\/12\/2019-05-06-11.08.20_edit2pien-1-2-576x1024.png\" alt=\"\" class=\"wp-image-206\" width=\"144\" height=\"256\" srcset=\"https:\/\/hallenberg.fi\/engineering\/wp-content\/uploads\/2020\/12\/2019-05-06-11.08.20_edit2pien-1-2-576x1024.png 576w, https:\/\/hallenberg.fi\/engineering\/wp-content\/uploads\/2020\/12\/2019-05-06-11.08.20_edit2pien-1-2-169x300.png 169w, https:\/\/hallenberg.fi\/engineering\/wp-content\/uploads\/2020\/12\/2019-05-06-11.08.20_edit2pien-1-2-768x1365.png 768w, https:\/\/hallenberg.fi\/engineering\/wp-content\/uploads\/2020\/12\/2019-05-06-11.08.20_edit2pien-1-2-864x1536.png 864w, https:\/\/hallenberg.fi\/engineering\/wp-content\/uploads\/2020\/12\/2019-05-06-11.08.20_edit2pien-1-2.png 1013w\" sizes=\"(max-width: 144px) 100vw, 144px\" \/><\/a><\/figure><\/div>\n\n\n\n<p class=\"has-text-align-center has-nv-dark-bg-color has-text-color\"><strong><a href=\"https:\/\/hallenberg.fi\/engineering\/paineenalennuspropolohko-180003\/\" data-type=\"page\" data-id=\"341\">Proportionaalinen paineenalennuslohko<\/a><\/strong><\/p>\n<\/div>\n\n\n\n<div class=\"wp-block-column\">\n<div class=\"wp-block-image\"><figure class=\"aligncenter size-large\"><a href=\"https:\/\/hallenberg.fi\/engineering\/ohjausjarjestelmat\/\"><img loading=\"lazy\" width=\"500\" height=\"500\" src=\"https:\/\/hallenberg.fi\/engineering\/wp-content\/uploads\/2021\/03\/CanIO14.png\" alt=\"\" class=\"wp-image-338\" srcset=\"https:\/\/hallenberg.fi\/engineering\/wp-content\/uploads\/2021\/03\/CanIO14.png 500w, https:\/\/hallenberg.fi\/engineering\/wp-content\/uploads\/2021\/03\/CanIO14-300x300.png 300w, https:\/\/hallenberg.fi\/engineering\/wp-content\/uploads\/2021\/03\/CanIO14-150x150.png 150w\" sizes=\"(max-width: 500px) 100vw, 500px\" \/><\/a><\/figure><\/div>\n\n\n\n<p class=\"has-text-align-center has-nv-dark-bg-color has-text-color\"><strong><a href=\"https:\/\/hallenberg.fi\/engineering\/ohjausjarjestelmat\/\" data-type=\"page\" data-id=\"350\">Ohjausj\u00e4rjestelm\u00e4t, my\u00f6s ohjelmoituna<\/a><\/strong><\/p>\n<\/div>\n<\/div>\n\n\n\n<p class=\"has-text-align-center has-text-color\" style=\"color:#f7b218\"><strong>Kysy tarjous, my\u00f6s yksitt\u00e4iskappaleet.<\/strong><\/p>\n","protected":false},"excerpt":{"rendered":"<p>Pikakiinnikelohko Quick coupler valve Proportionaalinen paineenalennuslohko Ohjausj\u00e4rjestelm\u00e4t, my\u00f6s ohjelmoituna Kysy tarjous, my\u00f6s yksitt\u00e4iskappaleet.<\/p>\n","protected":false},"author":1,"featured_media":54,"parent":0,"menu_order":0,"comment_status":"closed","ping_status":"closed","template":"","meta":{"neve_meta_sidebar":"full-width","neve_meta_container":"","neve_meta_enable_content_width":"","neve_meta_content_width":0,"neve_meta_title_alignment":"","neve_meta_author_avatar":"","neve_post_elements_order":"","neve_meta_disable_header":"","neve_meta_disable_footer":"","neve_meta_disable_title":""},"_links":{"self":[{"href":"https:\/\/hallenberg.fi\/engineering\/wp-json\/wp\/v2\/pages\/39"}],"collection":[{"href":"https:\/\/hallenberg.fi\/engineering\/wp-json\/wp\/v2\/pages"}],"about":[{"href":"https:\/\/hallenberg.fi\/engineering\/wp-json\/wp\/v2\/types\/page"}],"author":[{"embeddable":true,"href":"https:\/\/hallenberg.fi\/engineering\/wp-json\/wp\/v2\/users\/1"}],"replies":[{"embeddable":true,"href":"https:\/\/hallenberg.fi\/engineering\/wp-json\/wp\/v2\/comments?post=39"}],"version-history":[{"count":18,"href":"https:\/\/hallenberg.fi\/engineering\/wp-json\/wp\/v2\/pages\/39\/revisions"}],"predecessor-version":[{"id":455,"href":"https:\/\/hallenberg.fi\/engineering\/wp-json\/wp\/v2\/pages\/39\/revisions\/455"}],"wp:featuredmedia":[{"embeddable":true,"href":"https:\/\/hallenberg.fi\/engineering\/wp-json\/wp\/v2\/media\/54"}],"wp:attachment":[{"href":"https:\/\/hallenberg.fi\/engineering\/wp-json\/wp\/v2\/media?parent=39"}],"curies":[{"name":"wp","href":"https:\/\/api.w.org\/{rel}","templated":true}]}}