{"id":350,"date":"2021-03-03T22:11:25","date_gmt":"2021-03-03T20:11:25","guid":{"rendered":"http:\/\/hallenberg.fi\/engineering\/?page_id=350"},"modified":"2021-03-03T22:11:26","modified_gmt":"2021-03-03T20:11:26","slug":"ohjausjarjestelmat","status":"publish","type":"page","link":"https:\/\/hallenberg.fi\/engineering\/ohjausjarjestelmat\/","title":{"rendered":"Ohjausj\u00e4rjestelm\u00e4t"},"content":{"rendered":"\n<div class=\"wp-block-columns\">\n<div class=\"wp-block-column\" style=\"flex-basis:75%\">\n<p><strong>Ohjausmoduuli:<\/strong><\/p>\n\n\n\n<ul><li>K\u00e4ytt\u00f6j\u00e4nnite 10-30VDC<\/li><li>Suojausluokka IP67<\/li><li>8 PWM-l\u00e4ht\u00f6\u00e4 (voidaan k\u00e4ytt\u00e4\u00e4 my\u00f6s analogia-sis\u00e4\u00e4ntuloina)<\/li><li>6 Analogia-sis\u00e4\u00e4ntuloa<\/li><li>Kompakti koko 60x60x30mm<\/li><li>Valmis liitin-\/johtosarja saatavilla<\/li><li>K\u00e4tev\u00e4 pieni ohjain pieniin ohjausj\u00e4rjestelmiin<\/li><\/ul>\n<\/div>\n\n\n\n<div class=\"wp-block-column\" style=\"flex-basis:25%\">\n<figure class=\"wp-block-image size-large\"><img loading=\"lazy\" width=\"500\" height=\"500\" src=\"https:\/\/hallenberg.fi\/engineering\/wp-content\/uploads\/2021\/03\/CanIO14.png\" alt=\"\" class=\"wp-image-338\" srcset=\"https:\/\/hallenberg.fi\/engineering\/wp-content\/uploads\/2021\/03\/CanIO14.png 500w, https:\/\/hallenberg.fi\/engineering\/wp-content\/uploads\/2021\/03\/CanIO14-300x300.png 300w, https:\/\/hallenberg.fi\/engineering\/wp-content\/uploads\/2021\/03\/CanIO14-150x150.png 150w\" sizes=\"(max-width: 500px) 100vw, 500px\" \/><\/figure>\n<\/div>\n<\/div>\n","protected":false},"excerpt":{"rendered":"<p>Ohjausmoduuli: K\u00e4ytt\u00f6j\u00e4nnite 10-30VDC Suojausluokka IP67 8 PWM-l\u00e4ht\u00f6\u00e4 (voidaan k\u00e4ytt\u00e4\u00e4 my\u00f6s analogia-sis\u00e4\u00e4ntuloina) 6 Analogia-sis\u00e4\u00e4ntuloa Kompakti koko 60x60x30mm Valmis liitin-\/johtosarja saatavilla K\u00e4tev\u00e4 pieni ohjain pieniin ohjausj\u00e4rjestelmiin<\/p>\n","protected":false},"author":1,"featured_media":0,"parent":0,"menu_order":0,"comment_status":"closed","ping_status":"closed","template":"","meta":{"neve_meta_sidebar":"full-width","neve_meta_container":"","neve_meta_enable_content_width":"on","neve_meta_content_width":100,"neve_meta_title_alignment":"","neve_meta_author_avatar":"","neve_post_elements_order":"","neve_meta_disable_header":"","neve_meta_disable_footer":"","neve_meta_disable_title":""},"_links":{"self":[{"href":"https:\/\/hallenberg.fi\/engineering\/wp-json\/wp\/v2\/pages\/350"}],"collection":[{"href":"https:\/\/hallenberg.fi\/engineering\/wp-json\/wp\/v2\/pages"}],"about":[{"href":"https:\/\/hallenberg.fi\/engineering\/wp-json\/wp\/v2\/types\/page"}],"author":[{"embeddable":true,"href":"https:\/\/hallenberg.fi\/engineering\/wp-json\/wp\/v2\/users\/1"}],"replies":[{"embeddable":true,"href":"https:\/\/hallenberg.fi\/engineering\/wp-json\/wp\/v2\/comments?post=350"}],"version-history":[{"count":1,"href":"https:\/\/hallenberg.fi\/engineering\/wp-json\/wp\/v2\/pages\/350\/revisions"}],"predecessor-version":[{"id":351,"href":"https:\/\/hallenberg.fi\/engineering\/wp-json\/wp\/v2\/pages\/350\/revisions\/351"}],"wp:attachment":[{"href":"https:\/\/hallenberg.fi\/engineering\/wp-json\/wp\/v2\/media?parent=350"}],"curies":[{"name":"wp","href":"https:\/\/api.w.org\/{rel}","templated":true}]}}