{"id":341,"date":"2021-03-03T22:01:54","date_gmt":"2021-03-03T20:01:54","guid":{"rendered":"http:\/\/hallenberg.fi\/engineering\/?page_id=341"},"modified":"2021-03-03T22:13:31","modified_gmt":"2021-03-03T20:13:31","slug":"paineenalennuspropolohko-180003","status":"publish","type":"page","link":"https:\/\/hallenberg.fi\/engineering\/paineenalennuspropolohko-180003\/","title":{"rendered":"Proportionaalinen paineenalennuslohko 180003"},"content":{"rendered":"\n<div class=\"wp-block-columns\">\n<div class=\"wp-block-column\" style=\"flex-basis:75%\">\n<ul><li>Kaivinkoneen lis\u00e4hydrauliikan esiohjauslohko<\/li><li>Valmis paketti sis\u00e4lt\u00e4en <ul><li>12V s\u00e4hk\u00f6ohjatun paineenalentimen (1500mA, Deutsch-liit\u00e4nt\u00e4 DT04-2P)<\/li><li>Vaihtovastaventtiilin<\/li><li>Haaroitusliit\u00e4nn\u00e4t<\/li><\/ul><\/li><\/ul>\n\n\n\n<ul><li>Sy\u00f6tt\u00f6paine max 60bar<\/li><li>Alennettu paine max 32bar<\/li><li>Liit\u00e4nn\u00e4 G1\/4<\/li><li>Materiaali: Alumiini, anodisoitu<\/li><\/ul>\n<\/div>\n\n\n\n<div class=\"wp-block-column\" style=\"flex-basis:25%\">\n<figure class=\"wp-block-image size-medium\"><img loading=\"lazy\" width=\"225\" height=\"300\" src=\"https:\/\/hallenberg.fi\/engineering\/wp-content\/uploads\/2021\/03\/2019-05-06-11.08.20_edit2pien-1-2-edited-225x300.png\" alt=\"\" class=\"wp-image-342\" srcset=\"https:\/\/hallenberg.fi\/engineering\/wp-content\/uploads\/2021\/03\/2019-05-06-11.08.20_edit2pien-1-2-edited-225x300.png 225w, https:\/\/hallenberg.fi\/engineering\/wp-content\/uploads\/2021\/03\/2019-05-06-11.08.20_edit2pien-1-2-edited-768x1024.png 768w, https:\/\/hallenberg.fi\/engineering\/wp-content\/uploads\/2021\/03\/2019-05-06-11.08.20_edit2pien-1-2-edited.png 858w\" sizes=\"(max-width: 225px) 100vw, 225px\" \/><\/figure>\n<\/div>\n<\/div>\n\n\n\n<div class=\"wp-block-columns\">\n<div class=\"wp-block-column\" style=\"flex-basis:75%\">\n<figure class=\"wp-block-image size-large\"><img loading=\"lazy\" width=\"914\" height=\"643\" src=\"https:\/\/hallenberg.fi\/engineering\/wp-content\/uploads\/2021\/03\/180003Hallex.jpg\" alt=\"\" class=\"wp-image-344\" srcset=\"https:\/\/hallenberg.fi\/engineering\/wp-content\/uploads\/2021\/03\/180003Hallex.jpg 914w, https:\/\/hallenberg.fi\/engineering\/wp-content\/uploads\/2021\/03\/180003Hallex-300x211.jpg 300w, https:\/\/hallenberg.fi\/engineering\/wp-content\/uploads\/2021\/03\/180003Hallex-768x540.jpg 768w\" sizes=\"(max-width: 914px) 100vw, 914px\" \/><\/figure>\n<\/div>\n\n\n\n<div class=\"wp-block-column\" style=\"flex-basis:25%\">\n<figure class=\"wp-block-image size-large\"><img loading=\"lazy\" width=\"372\" height=\"591\" src=\"https:\/\/hallenberg.fi\/engineering\/wp-content\/uploads\/2021\/03\/180003Hallex-kaavio.png\" alt=\"\" class=\"wp-image-345\" srcset=\"https:\/\/hallenberg.fi\/engineering\/wp-content\/uploads\/2021\/03\/180003Hallex-kaavio.png 372w, https:\/\/hallenberg.fi\/engineering\/wp-content\/uploads\/2021\/03\/180003Hallex-kaavio-189x300.png 189w\" sizes=\"(max-width: 372px) 100vw, 372px\" \/><\/figure>\n<\/div>\n<\/div>\n","protected":false},"excerpt":{"rendered":"<p>Kaivinkoneen lis\u00e4hydrauliikan esiohjauslohko Valmis paketti sis\u00e4lt\u00e4en 12V s\u00e4hk\u00f6ohjatun paineenalentimen (1500mA, Deutsch-liit\u00e4nt\u00e4 DT04-2P) Vaihtovastaventtiilin Haaroitusliit\u00e4nn\u00e4t Sy\u00f6tt\u00f6paine max 60bar Alennettu paine max 32bar Liit\u00e4nn\u00e4 G1\/4 Materiaali: Alumiini, anodisoitu<\/p>\n","protected":false},"author":1,"featured_media":0,"parent":0,"menu_order":0,"comment_status":"closed","ping_status":"closed","template":"","meta":{"neve_meta_sidebar":"full-width","neve_meta_container":"","neve_meta_enable_content_width":"on","neve_meta_content_width":100,"neve_meta_title_alignment":"","neve_meta_author_avatar":"","neve_post_elements_order":"","neve_meta_disable_header":"","neve_meta_disable_footer":"","neve_meta_disable_title":""},"_links":{"self":[{"href":"https:\/\/hallenberg.fi\/engineering\/wp-json\/wp\/v2\/pages\/341"}],"collection":[{"href":"https:\/\/hallenberg.fi\/engineering\/wp-json\/wp\/v2\/pages"}],"about":[{"href":"https:\/\/hallenberg.fi\/engineering\/wp-json\/wp\/v2\/types\/page"}],"author":[{"embeddable":true,"href":"https:\/\/hallenberg.fi\/engineering\/wp-json\/wp\/v2\/users\/1"}],"replies":[{"embeddable":true,"href":"https:\/\/hallenberg.fi\/engineering\/wp-json\/wp\/v2\/comments?post=341"}],"version-history":[{"count":3,"href":"https:\/\/hallenberg.fi\/engineering\/wp-json\/wp\/v2\/pages\/341\/revisions"}],"predecessor-version":[{"id":353,"href":"https:\/\/hallenberg.fi\/engineering\/wp-json\/wp\/v2\/pages\/341\/revisions\/353"}],"wp:attachment":[{"href":"https:\/\/hallenberg.fi\/engineering\/wp-json\/wp\/v2\/media?parent=341"}],"curies":[{"name":"wp","href":"https:\/\/api.w.org\/{rel}","templated":true}]}}