{"id":182,"date":"2020-12-21T14:47:19","date_gmt":"2020-12-21T12:47:19","guid":{"rendered":"http:\/\/hallenberg.fi\/engineering\/?page_id=182"},"modified":"2025-08-27T22:13:19","modified_gmt":"2025-08-27T19:13:19","slug":"pikakiinnikelohko","status":"publish","type":"page","link":"https:\/\/hallenberg.fi\/engineering\/pikakiinnikelohko\/","title":{"rendered":"Pikakiinnikelohko 18001A"},"content":{"rendered":"\n<div class=\"wp-block-image\"><figure class=\"alignright size-large\"><a href=\"https:\/\/hallenberg.fi\/engineering\/quick-coupler-valve-18001a\/\"><img loading=\"lazy\" width=\"40\" height=\"20\" src=\"https:\/\/hallenberg.fi\/engineering\/wp-content\/uploads\/2025\/08\/gb.jpg\" alt=\"\" class=\"wp-image-448\"\/><\/a><\/figure><\/div>\n\n\n\n<div class=\"wp-block-columns\">\n<div class=\"wp-block-column\" style=\"flex-basis:80%\">\n<ul><li>Kaivinkoneen pikakiinnikkeen ohjaamiseen k\u00e4ytett\u00e4v\u00e4 lohko<\/li><li>Optimoitu koko ja k\u00e4ytett\u00e4vyys, kaikki tarvittavat toiminnot pieness\u00e4 paketissa<\/li><li>Eri kelavaihtoehdot (liittimet ja j\u00e4nnitteet)<\/li><li>K\u00e4ytt\u00f6paine max <strong>350bar<\/strong>, s\u00e4\u00e4t\u00f6alue max 345bar<\/li><li>Materiaalina ter\u00e4s, pinnoituksena korroosion kest\u00e4v\u00e4 mustanitraus<\/li><li>Omaa suunnittelua ja kotimaista tuotantoa<\/li><li>Markkinoidaan my\u00f6s Euroopassa tuotemerkill\u00e4 BeMAS (600018A)<br> <\/li><\/ul>\n\n\n\n<div style=\"height:27px\" aria-hidden=\"true\" class=\"wp-block-spacer\"><\/div>\n\n\n\n<div class=\"wp-block-file\"><a href=\"https:\/\/hallenberg.fi\/engineering\/wp-content\/uploads\/2025\/08\/Datasheet-18001A-2025-FIN.pdf\" class=\"wp-block-file__button\" download>Lataa datalehti<\/a><\/div>\n\n\n\n<p><a rel=\"noreferrer noopener\" href=\"https:\/\/hallenberg.fi\/cgi\/SendPrice\/SendPrice.cgi?lang=FIN\" target=\"_blank\"><strong><span class=\"has-inline-color has-neve-link-color-color\">Hintatiedot s\u00e4hk\u00f6postiisi, klikkaa<\/span><\/strong><\/a><\/p>\n\n\n\n<figure class=\"wp-block-image size-large\"><img loading=\"lazy\" width=\"991\" height=\"578\" src=\"https:\/\/hallenberg.fi\/engineering\/wp-content\/uploads\/2025\/08\/TuotekoodiFIN.jpg\" alt=\"\" class=\"wp-image-435\" srcset=\"https:\/\/hallenberg.fi\/engineering\/wp-content\/uploads\/2025\/08\/TuotekoodiFIN.jpg 991w, https:\/\/hallenberg.fi\/engineering\/wp-content\/uploads\/2025\/08\/TuotekoodiFIN-300x175.jpg 300w, https:\/\/hallenberg.fi\/engineering\/wp-content\/uploads\/2025\/08\/TuotekoodiFIN-768x448.jpg 768w\" sizes=\"(max-width: 991px) 100vw, 991px\" \/><\/figure>\n\n\n\n<figure class=\"wp-block-image size-large is-resized\"><img loading=\"lazy\" src=\"https:\/\/hallenberg.fi\/engineering\/wp-content\/uploads\/2021\/02\/600018A-Mittakuva-957x1024.jpg\" alt=\"\" class=\"wp-image-316\" width=\"422\" height=\"452\" srcset=\"https:\/\/hallenberg.fi\/engineering\/wp-content\/uploads\/2021\/02\/600018A-Mittakuva-957x1024.jpg 957w, https:\/\/hallenberg.fi\/engineering\/wp-content\/uploads\/2021\/02\/600018A-Mittakuva-280x300.jpg 280w, https:\/\/hallenberg.fi\/engineering\/wp-content\/uploads\/2021\/02\/600018A-Mittakuva-768x822.jpg 768w, https:\/\/hallenberg.fi\/engineering\/wp-content\/uploads\/2021\/02\/600018A-Mittakuva.jpg 1263w\" sizes=\"(max-width: 422px) 100vw, 422px\" \/><\/figure>\n\n\n\n<figure class=\"wp-block-image size-large is-resized is-style-default\"><img loading=\"lazy\" src=\"https:\/\/hallenberg.fi\/engineering\/wp-content\/uploads\/2021\/02\/600018A-MHa6-Schematics-edited-1.jpg\" alt=\"\" class=\"wp-image-317\" width=\"521\" height=\"521\" srcset=\"https:\/\/hallenberg.fi\/engineering\/wp-content\/uploads\/2021\/02\/600018A-MHa6-Schematics-edited-1.jpg 1860w, https:\/\/hallenberg.fi\/engineering\/wp-content\/uploads\/2021\/02\/600018A-MHa6-Schematics-edited-1-300x300.jpg 300w, https:\/\/hallenberg.fi\/engineering\/wp-content\/uploads\/2021\/02\/600018A-MHa6-Schematics-edited-1-1024x1024.jpg 1024w, https:\/\/hallenberg.fi\/engineering\/wp-content\/uploads\/2021\/02\/600018A-MHa6-Schematics-edited-1-150x150.jpg 150w, https:\/\/hallenberg.fi\/engineering\/wp-content\/uploads\/2021\/02\/600018A-MHa6-Schematics-edited-1-768x768.jpg 768w, https:\/\/hallenberg.fi\/engineering\/wp-content\/uploads\/2021\/02\/600018A-MHa6-Schematics-edited-1-1536x1536.jpg 1536w\" sizes=\"(max-width: 521px) 100vw, 521px\" \/><\/figure>\n<\/div>\n\n\n\n<div class=\"wp-block-column\" style=\"flex-basis:50%\">\n<div class=\"wp-block-image\"><figure class=\"aligncenter size-large is-resized\"><img loading=\"lazy\" src=\"https:\/\/hallenberg.fi\/engineering\/wp-content\/uploads\/2020\/12\/WhatsApp-Image-2020-09-16-at-08.55.21-3-edit2-709x1024.jpeg\" alt=\"\" class=\"wp-image-180\" width=\"290\" height=\"418\" srcset=\"https:\/\/hallenberg.fi\/engineering\/wp-content\/uploads\/2020\/12\/WhatsApp-Image-2020-09-16-at-08.55.21-3-edit2-709x1024.jpeg 709w, https:\/\/hallenberg.fi\/engineering\/wp-content\/uploads\/2020\/12\/WhatsApp-Image-2020-09-16-at-08.55.21-3-edit2-208x300.jpeg 208w, https:\/\/hallenberg.fi\/engineering\/wp-content\/uploads\/2020\/12\/WhatsApp-Image-2020-09-16-at-08.55.21-3-edit2-768x1110.jpeg 768w, https:\/\/hallenberg.fi\/engineering\/wp-content\/uploads\/2020\/12\/WhatsApp-Image-2020-09-16-at-08.55.21-3-edit2.jpeg 843w\" sizes=\"(max-width: 290px) 100vw, 290px\" \/><\/figure><\/div>\n<\/div>\n<\/div>\n\n\n\n<p><\/p>\n","protected":false},"excerpt":{"rendered":"<p>Kaivinkoneen pikakiinnikkeen ohjaamiseen k\u00e4ytett\u00e4v\u00e4 lohko Optimoitu koko ja k\u00e4ytett\u00e4vyys, kaikki tarvittavat toiminnot pieness\u00e4 paketissa Eri kelavaihtoehdot (liittimet ja j\u00e4nnitteet) K\u00e4ytt\u00f6paine max 350bar, s\u00e4\u00e4t\u00f6alue max 345bar Materiaalina ter\u00e4s, pinnoituksena korroosion kest\u00e4v\u00e4 mustanitraus Omaa suunnittelua ja kotimaista tuotantoa Markkinoidaan my\u00f6s Euroopassa tuotemerkill\u00e4 BeMAS (600018A) Hintatiedot s\u00e4hk\u00f6postiisi, klikkaa<\/p>\n","protected":false},"author":1,"featured_media":0,"parent":0,"menu_order":0,"comment_status":"closed","ping_status":"closed","template":"","meta":{"neve_meta_sidebar":"full-width","neve_meta_container":"","neve_meta_enable_content_width":"on","neve_meta_content_width":100,"neve_meta_title_alignment":"","neve_meta_author_avatar":"","neve_post_elements_order":"","neve_meta_disable_header":"off","neve_meta_disable_footer":"off","neve_meta_disable_title":"off"},"_links":{"self":[{"href":"https:\/\/hallenberg.fi\/engineering\/wp-json\/wp\/v2\/pages\/182"}],"collection":[{"href":"https:\/\/hallenberg.fi\/engineering\/wp-json\/wp\/v2\/pages"}],"about":[{"href":"https:\/\/hallenberg.fi\/engineering\/wp-json\/wp\/v2\/types\/page"}],"author":[{"embeddable":true,"href":"https:\/\/hallenberg.fi\/engineering\/wp-json\/wp\/v2\/users\/1"}],"replies":[{"embeddable":true,"href":"https:\/\/hallenberg.fi\/engineering\/wp-json\/wp\/v2\/comments?post=182"}],"version-history":[{"count":22,"href":"https:\/\/hallenberg.fi\/engineering\/wp-json\/wp\/v2\/pages\/182\/revisions"}],"predecessor-version":[{"id":464,"href":"https:\/\/hallenberg.fi\/engineering\/wp-json\/wp\/v2\/pages\/182\/revisions\/464"}],"wp:attachment":[{"href":"https:\/\/hallenberg.fi\/engineering\/wp-json\/wp\/v2\/media?parent=182"}],"curies":[{"name":"wp","href":"https:\/\/api.w.org\/{rel}","templated":true}]}}