{"id":76,"date":"2025-05-30T16:10:02","date_gmt":"2025-05-30T16:10:02","guid":{"rendered":"https:\/\/hallenberg.fi\/HRS\/?page_id=76"},"modified":"2025-08-22T07:28:40","modified_gmt":"2025-08-22T07:28:40","slug":"rakennussuunnittelu","status":"publish","type":"page","link":"https:\/\/hallenberg.fi\/HRS\/index.php\/rakennussuunnittelu\/","title":{"rendered":"Rakennussuunnittelu"},"content":{"rendered":"\n<div class=\"wp-block-columns is-layout-flex wp-container-core-columns-is-layout-9d6595d7 wp-block-columns-is-layout-flex\">\n<div class=\"wp-block-column is-layout-flow wp-block-column-is-layout-flow\" style=\"flex-basis:66.66%\">\n<div class=\"wp-block-group lista is-vertical is-layout-flex wp-container-core-group-is-layout-8cf370e7 wp-block-group-is-layout-flex\">\n<ul class=\"wp-block-list\">\n<li><strong>P\u00e4\u00e4piirustukset (rakennuslupakuvat)<\/strong>\n<ul class=\"wp-block-list\">\n<li>Asemapiirustus<\/li>\n\n\n\n<li>Pohjapiirustus<\/li>\n\n\n\n<li>Leikkauspiirustukset<\/li>\n\n\n\n<li>Julkisivupiirustukset<\/li>\n<\/ul>\n<\/li>\n\n\n\n<li><strong>Rakennepiirustukset<\/strong>\n<ul class=\"wp-block-list\">\n<li>Alapohja<\/li>\n\n\n\n<li>V\u00e4lipohja<\/li>\n\n\n\n<li>Yl\u00e4pohja<\/li>\n\n\n\n<li>Rakenteiden leikkauskuvat (detalji-kuvat)<\/li>\n<\/ul>\n<\/li>\n\n\n\n<li><strong>Perustussuunnitelmat<\/strong>\n<ul class=\"wp-block-list\">\n<li>Anturat<\/li>\n\n\n\n<li>Routaeristys<\/li>\n\n\n\n<li>Salaojat<\/li>\n\n\n\n<li>Radonputkitus<\/li>\n<\/ul>\n<\/li>\n\n\n\n<li><strong>Pihan pohjarakennesuunnitelmat<\/strong>\n<ul class=\"wp-block-list\">\n<li>Liikenn\u00f6it\u00e4v\u00e4n pihan rakennekerrokset<\/li>\n\n\n\n<li>Kasvualustan rakennekerrokset<\/li>\n<\/ul>\n<\/li>\n\n\n\n<li><strong>Maaper\u00e4tutkimukset ja perustamistapalausunnot<\/strong><\/li>\n<\/ul>\n<\/div>\n<\/div>\n\n\n\n<div class=\"wp-block-column is-layout-flow wp-block-column-is-layout-flow\" style=\"flex-basis:33.33%\">\n<figure class=\"wp-block-image size-full\"><img loading=\"lazy\" decoding=\"async\" width=\"800\" height=\"452\" src=\"https:\/\/hallenberg.fi\/HRS\/wp-content\/uploads\/2025\/06\/WhatsApp-Kuva-2025-06-02-klo-21.39.57_86a92beb.jpg\" alt=\"\" class=\"wp-image-149\" srcset=\"https:\/\/hallenberg.fi\/HRS\/wp-content\/uploads\/2025\/06\/WhatsApp-Kuva-2025-06-02-klo-21.39.57_86a92beb.jpg 800w, https:\/\/hallenberg.fi\/HRS\/wp-content\/uploads\/2025\/06\/WhatsApp-Kuva-2025-06-02-klo-21.39.57_86a92beb-300x170.jpg 300w, https:\/\/hallenberg.fi\/HRS\/wp-content\/uploads\/2025\/06\/WhatsApp-Kuva-2025-06-02-klo-21.39.57_86a92beb-768x434.jpg 768w\" sizes=\"auto, (max-width: 800px) 100vw, 800px\" \/><\/figure>\n<\/div>\n<\/div>\n\n\n\n<p><\/p>\n","protected":false},"excerpt":{"rendered":"","protected":false},"author":1,"featured_media":0,"parent":0,"menu_order":0,"comment_status":"closed","ping_status":"closed","template":"","meta":{"footnotes":""},"class_list":["post-76","page","type-page","status-publish","hentry"],"_links":{"self":[{"href":"https:\/\/hallenberg.fi\/HRS\/index.php\/wp-json\/wp\/v2\/pages\/76","targetHints":{"allow":["GET"]}}],"collection":[{"href":"https:\/\/hallenberg.fi\/HRS\/index.php\/wp-json\/wp\/v2\/pages"}],"about":[{"href":"https:\/\/hallenberg.fi\/HRS\/index.php\/wp-json\/wp\/v2\/types\/page"}],"author":[{"embeddable":true,"href":"https:\/\/hallenberg.fi\/HRS\/index.php\/wp-json\/wp\/v2\/users\/1"}],"replies":[{"embeddable":true,"href":"https:\/\/hallenberg.fi\/HRS\/index.php\/wp-json\/wp\/v2\/comments?post=76"}],"version-history":[{"count":17,"href":"https:\/\/hallenberg.fi\/HRS\/index.php\/wp-json\/wp\/v2\/pages\/76\/revisions"}],"predecessor-version":[{"id":279,"href":"https:\/\/hallenberg.fi\/HRS\/index.php\/wp-json\/wp\/v2\/pages\/76\/revisions\/279"}],"wp:attachment":[{"href":"https:\/\/hallenberg.fi\/HRS\/index.php\/wp-json\/wp\/v2\/media?parent=76"}],"curies":[{"name":"wp","href":"https:\/\/api.w.org\/{rel}","templated":true}]}}