{"id":49,"date":"2025-05-30T13:28:03","date_gmt":"2025-05-30T13:28:03","guid":{"rendered":"https:\/\/hallenberg.fi\/HRS\/?page_id=49"},"modified":"2025-08-14T16:58:30","modified_gmt":"2025-08-14T16:58:30","slug":"etusivu","status":"publish","type":"page","link":"https:\/\/hallenberg.fi\/HRS\/","title":{"rendered":"Etusivu"},"content":{"rendered":"\n<p>Ota rohkeasti yhteytt\u00e4, niin selvit\u00e4mme yhdess\u00e4, mit\u00e4 rakennusprojektinne tarvitsee.<\/p>\n\n\n\n<div class=\"wp-block-columns is-layout-flex wp-container-core-columns-is-layout-9d6595d7 wp-block-columns-is-layout-flex\">\n<div class=\"wp-block-column is-layout-flow wp-block-column-is-layout-flow\">\n<figure class=\"wp-block-image size-full\"><a href=\"https:\/\/hallenberg.fi\/HRS\/index.php\/rakennussuunnittelu\/\"><img loading=\"lazy\" decoding=\"async\" width=\"800\" height=\"452\" src=\"https:\/\/hallenberg.fi\/HRS\/wp-content\/uploads\/2025\/06\/WhatsApp-Kuva-2025-06-02-klo-21.39.57_86a92beb.jpg\" alt=\"\" class=\"wp-image-149\" srcset=\"https:\/\/hallenberg.fi\/HRS\/wp-content\/uploads\/2025\/06\/WhatsApp-Kuva-2025-06-02-klo-21.39.57_86a92beb.jpg 800w, https:\/\/hallenberg.fi\/HRS\/wp-content\/uploads\/2025\/06\/WhatsApp-Kuva-2025-06-02-klo-21.39.57_86a92beb-300x170.jpg 300w, https:\/\/hallenberg.fi\/HRS\/wp-content\/uploads\/2025\/06\/WhatsApp-Kuva-2025-06-02-klo-21.39.57_86a92beb-768x434.jpg 768w\" sizes=\"auto, (max-width: 800px) 100vw, 800px\" \/><\/a><\/figure>\n\n\n\n<p class=\"has-text-align-center linkki1\"><a href=\"https:\/\/hallenberg.fi\/HRS\/index.php\/rakennussuunnittelu\/\" data-type=\"page\" data-id=\"76\">Rakennussuunnittelu<\/a><\/p>\n<\/div>\n\n\n\n<div class=\"wp-block-column is-layout-flow wp-block-column-is-layout-flow\">\n<figure class=\"wp-block-image size-full\"><a href=\"https:\/\/hallenberg.fi\/HRS\/index.php\/tyonjohto-ja-valvonta\/\"><img loading=\"lazy\" decoding=\"async\" width=\"800\" height=\"452\" src=\"https:\/\/hallenberg.fi\/HRS\/wp-content\/uploads\/2025\/06\/WhatsApp-Kuva-2025-06-02-klo-21.43.45_10cea4c6.jpg\" alt=\"\" class=\"wp-image-150\" srcset=\"https:\/\/hallenberg.fi\/HRS\/wp-content\/uploads\/2025\/06\/WhatsApp-Kuva-2025-06-02-klo-21.43.45_10cea4c6.jpg 800w, https:\/\/hallenberg.fi\/HRS\/wp-content\/uploads\/2025\/06\/WhatsApp-Kuva-2025-06-02-klo-21.43.45_10cea4c6-300x170.jpg 300w, https:\/\/hallenberg.fi\/HRS\/wp-content\/uploads\/2025\/06\/WhatsApp-Kuva-2025-06-02-klo-21.43.45_10cea4c6-768x434.jpg 768w\" sizes=\"auto, (max-width: 800px) 100vw, 800px\" \/><\/a><\/figure>\n\n\n\n<p class=\"has-text-align-center linkki1\"><a href=\"https:\/\/hallenberg.fi\/HRS\/index.php\/tyonjohto-ja-valvonta\/\" data-type=\"page\" data-id=\"159\">Ty\u00f6njohto ja valvonta<\/a><\/p>\n<\/div>\n\n\n\n<div class=\"wp-block-column is-layout-flow wp-block-column-is-layout-flow\">\n<figure class=\"wp-block-image size-full\"><a href=\"https:\/\/hallenberg.fi\/HRS\/index.php\/konsultointi\/\"><img loading=\"lazy\" decoding=\"async\" width=\"800\" height=\"452\" src=\"https:\/\/hallenberg.fi\/HRS\/wp-content\/uploads\/2025\/06\/WhatsApp-Kuva-2025-06-02-klo-21.46.01_f300eca4.jpg\" alt=\"\" class=\"wp-image-151\" srcset=\"https:\/\/hallenberg.fi\/HRS\/wp-content\/uploads\/2025\/06\/WhatsApp-Kuva-2025-06-02-klo-21.46.01_f300eca4.jpg 800w, https:\/\/hallenberg.fi\/HRS\/wp-content\/uploads\/2025\/06\/WhatsApp-Kuva-2025-06-02-klo-21.46.01_f300eca4-300x170.jpg 300w, https:\/\/hallenberg.fi\/HRS\/wp-content\/uploads\/2025\/06\/WhatsApp-Kuva-2025-06-02-klo-21.46.01_f300eca4-768x434.jpg 768w\" sizes=\"auto, (max-width: 800px) 100vw, 800px\" \/><\/a><\/figure>\n\n\n\n<p class=\"has-text-align-center linkki1\"><a href=\"https:\/\/hallenberg.fi\/HRS\/index.php\/konsultointi\/\" data-type=\"page\" data-id=\"162\">Konsultointi<\/a><\/p>\n<\/div>\n<\/div>\n\n\n\n<p><\/p>\n","protected":false},"excerpt":{"rendered":"<p>Ota rohkeasti yhteytt\u00e4, niin selvit\u00e4mme yhdess\u00e4, mit\u00e4 rakennusprojektinne tarvitsee. Rakennussuunnittelu Ty\u00f6njohto ja valvonta Konsultointi<\/p>\n","protected":false},"author":1,"featured_media":0,"parent":0,"menu_order":0,"comment_status":"closed","ping_status":"closed","template":"","meta":{"footnotes":""},"class_list":["post-49","page","type-page","status-publish","hentry"],"_links":{"self":[{"href":"https:\/\/hallenberg.fi\/HRS\/index.php\/wp-json\/wp\/v2\/pages\/49","targetHints":{"allow":["GET"]}}],"collection":[{"href":"https:\/\/hallenberg.fi\/HRS\/index.php\/wp-json\/wp\/v2\/pages"}],"about":[{"href":"https:\/\/hallenberg.fi\/HRS\/index.php\/wp-json\/wp\/v2\/types\/page"}],"author":[{"embeddable":true,"href":"https:\/\/hallenberg.fi\/HRS\/index.php\/wp-json\/wp\/v2\/users\/1"}],"replies":[{"embeddable":true,"href":"https:\/\/hallenberg.fi\/HRS\/index.php\/wp-json\/wp\/v2\/comments?post=49"}],"version-history":[{"count":11,"href":"https:\/\/hallenberg.fi\/HRS\/index.php\/wp-json\/wp\/v2\/pages\/49\/revisions"}],"predecessor-version":[{"id":249,"href":"https:\/\/hallenberg.fi\/HRS\/index.php\/wp-json\/wp\/v2\/pages\/49\/revisions\/249"}],"wp:attachment":[{"href":"https:\/\/hallenberg.fi\/HRS\/index.php\/wp-json\/wp\/v2\/media?parent=49"}],"curies":[{"name":"wp","href":"https:\/\/api.w.org\/{rel}","templated":true}]}}