{"id":11,"date":"2025-05-29T16:20:12","date_gmt":"2025-05-29T16:20:12","guid":{"rendered":"https:\/\/hallenberg.fi\/HRS\/?page_id=11"},"modified":"2025-08-14T18:02:20","modified_gmt":"2025-08-14T18:02:20","slug":"yritys","status":"publish","type":"page","link":"https:\/\/hallenberg.fi\/HRS\/index.php\/yritys\/","title":{"rendered":"Yritys"},"content":{"rendered":"\n<div class=\"wp-block-columns is-layout-flex wp-container-core-columns-is-layout-9d6595d7 wp-block-columns-is-layout-flex\">\n<div class=\"wp-block-column is-layout-flow wp-block-column-is-layout-flow\" style=\"flex-basis:25%\"><\/div>\n\n\n\n<div class=\"wp-block-column is-layout-flow wp-block-column-is-layout-flow\" style=\"flex-basis:50%\">\n<div style=\"height:100px\" aria-hidden=\"true\" class=\"wp-block-spacer\"><\/div>\n\n\n\n<p>H\u00e4meen Rakennussuunnittelu Oy on suunnittelutoimisto, joka perustettiin vuonna 1985 &#8211; eli samana vuonna kuin nykyinen toimitusjohtaja Heidi syntyi. Perustajina olivat Reijo Hallenberg ja Pertti Hiissa. <\/p>\n\n\n\n<div style=\"height:100px\" aria-hidden=\"true\" class=\"wp-block-spacer\"><\/div>\n\n\n\n<p>Vuonna 2011 Pertti j\u00e4i suunnitteluhommista el\u00e4kkeelle ja h\u00e4nen sijalleen astui Antero Aho.<\/p>\n\n\n\n<div style=\"height:100px\" aria-hidden=\"true\" class=\"wp-block-spacer\"><\/div>\n\n\n\n<p>Vuonna 2019 valmistuivat nykyiset toimitilat Hattulaan Pajamiehentielle, jossa nyky\u00e4\u00e4n sijaitsee toimistomme.<\/p>\n\n\n\n<div style=\"height:100px\" aria-hidden=\"true\" class=\"wp-block-spacer\"><\/div>\n\n\n\n<p>Vuonna 2025 Anteron j\u00e4\u00e4hdytelless\u00e4 ty\u00f6uraansa Heidi tuli Anteron tilalle ja aloitti samalla my\u00f6s yrityksen toimitusjohtajana.<\/p>\n\n\n\n<div style=\"height:100px\" aria-hidden=\"true\" class=\"wp-block-spacer\"><\/div>\n<\/div>\n\n\n\n<div class=\"wp-block-column is-layout-flow wp-block-column-is-layout-flow\" style=\"flex-basis:25%\"><\/div>\n<\/div>\n\n\n\n<p><\/p>\n","protected":false},"excerpt":{"rendered":"<p>H\u00e4meen Rakennussuunnittelu Oy on suunnittelutoimisto, joka perustettiin vuonna 1985 &#8211; eli samana vuonna kuin nykyinen toimitusjohtaja Heidi syntyi. Perustajina olivat Reijo Hallenberg ja Pertti Hiissa. Vuonna 2011 Pertti j\u00e4i suunnitteluhommista el\u00e4kkeelle ja h\u00e4nen sijalleen astui Antero Aho. Vuonna 2019 valmistuivat nykyiset toimitilat Hattulaan Pajamiehentielle, jossa nyky\u00e4\u00e4n sijaitsee toimistomme. Vuonna 2025 Anteron j\u00e4\u00e4hdytelless\u00e4 ty\u00f6uraansa Heidi tuli [&hellip;]<\/p>\n","protected":false},"author":1,"featured_media":0,"parent":0,"menu_order":0,"comment_status":"closed","ping_status":"closed","template":"","meta":{"footnotes":""},"class_list":["post-11","page","type-page","status-publish","hentry"],"_links":{"self":[{"href":"https:\/\/hallenberg.fi\/HRS\/index.php\/wp-json\/wp\/v2\/pages\/11","targetHints":{"allow":["GET"]}}],"collection":[{"href":"https:\/\/hallenberg.fi\/HRS\/index.php\/wp-json\/wp\/v2\/pages"}],"about":[{"href":"https:\/\/hallenberg.fi\/HRS\/index.php\/wp-json\/wp\/v2\/types\/page"}],"author":[{"embeddable":true,"href":"https:\/\/hallenberg.fi\/HRS\/index.php\/wp-json\/wp\/v2\/users\/1"}],"replies":[{"embeddable":true,"href":"https:\/\/hallenberg.fi\/HRS\/index.php\/wp-json\/wp\/v2\/comments?post=11"}],"version-history":[{"count":16,"href":"https:\/\/hallenberg.fi\/HRS\/index.php\/wp-json\/wp\/v2\/pages\/11\/revisions"}],"predecessor-version":[{"id":277,"href":"https:\/\/hallenberg.fi\/HRS\/index.php\/wp-json\/wp\/v2\/pages\/11\/revisions\/277"}],"wp:attachment":[{"href":"https:\/\/hallenberg.fi\/HRS\/index.php\/wp-json\/wp\/v2\/media?parent=11"}],"curies":[{"name":"wp","href":"https:\/\/api.w.org\/{rel}","templated":true}]}}